{"id":629,"date":"2023-01-23T20:50:48","date_gmt":"2023-01-23T20:50:48","guid":{"rendered":"https:\/\/ballonroyal.com\/rental\/"},"modified":"2024-04-30T19:28:19","modified_gmt":"2024-04-30T19:28:19","slug":"rental","status":"publish","type":"page","link":"https:\/\/ballonroyal.com\/en\/rental\/","title":{"rendered":"Rental"},"content":{"rendered":"\n\n\t<h1>\n\t\t\t\tAccessories\n\t\t\t<\/h1>\n\t\t\t<p>For rental<\/p>\t\n\t\t\t\t\t<ul id=\"menu-rental-menu\"><li id=\"menu-item-662\"><a href=\"https:\/\/ballonroyal.com\/en\/rental\/#decorative-structures\">Decorative structures<\/a><\/li>\n<li id=\"menu-item-663\"><a href=\"https:\/\/ballonroyal.com\/en\/rental\/#glitter-wall\">Glitter Wall<\/a><\/li>\n<li id=\"menu-item-664\"><a href=\"https:\/\/ballonroyal.com\/en\/rental\/#flower-wall\">Flower Wall<\/a><\/li>\n<li id=\"menu-item-665\"><a href=\"https:\/\/ballonroyal.com\/en\/rental\/#neon-sign\">Neon Sign<\/a><\/li>\n<li id=\"menu-item-666\"><a href=\"https:\/\/ballonroyal.com\/en\/rental\/#various-decorative-accessories\">Various decorative accessories<\/a><\/li>\n<\/ul>\t\n\t\t\t<h2>Decorative structures<\/h2><h4>Starting at 150$<\/h4>\t\t\t\n\t\t\t\t<p>We have several models of metal structure in white, gold and silver finish as well as decorative walls to help us achieve the desired look and feel.<\/p>\n<p>In addition, many customization options are available: LED lights, greenery, <em>backdrop<\/em>, etc.<\/p>\n\t\t\t<a href=\"https:\/\/ballonroyal.com\/en\/contact\/#estimate\" target=\"_self\" role=\"button\" aria-label=\"Estimate\" rel=\"noopener\">\n\t\t\t\t\t\t\tEstimate\n\t\t<\/a>\n\t<h3>\n\t\t\t\tThe models\n\t\t\t<\/h3>\n\t\t\t\t\t\t\t\t\t\tOrlando Wall\t\t\t\t\t\t\t\t\t\n\t\t\t150$\n\t\t\t\t\t\t\t\t<p>Decorative arch wall | Available in white or beige<br \/>Size : 36 X 72 in.<\/p>\t\t\t\t\t\t\t\t\n\t\t\t150$\n\t\t\t\t\t\t\t\t\t\tOdessa Structure\t\t\t\t\t\t\t\t\t\n\t\t\t170$\n\t\t\t\t\t\t\t\t<p>Gold plated metal structure in the shape of a circle<br \/>Size: 78 in. diameter<\/p>\t\t\t\t\t\t\t\t\n\t\t\t170$\n\t\t\t\t\t\t\t\t\t\tSofia Structure\t\t\t\t\t\t\t\t\t\n\t\t\t200$\n\t\t\t\t\t\t\t\t<p>Gold-plated metal structure in the shape of an arched window<br \/>Size: 48 X 72 in.<\/p>\t\t\t\t\t\t\t\t\n\t\t\t200$\n\t\t\t\t\t\t\t\t\t\tKobe Structures\t\t\t\t\t\t\t\t\t\n\t\t\t200$\n\t\t\t\t\t\t\t\tDuo of identical gold metal structures of 3D column type<br \/>\nFormat: 24 X 78 in.\n\t\t\t200$\n\t\t\t\t\t\t\t\t\t\tOc\u00e9ane Structure\t\t\t\t\t\t\t\t\t\n\t\t\t250$\n\t\t\t\t\t\t\t\tModern round metal structure with diamond shaped interior<br \/>\nSize: 78 in. diameter\n\t\t\t250$\n\t\t\t\t\t\t\t\t\t\tAgatha Structure \t\t\t\t\t\t\t\t\t\n\t\t\t250$\n\t\t\t\t\t\t\t\t<p>White metal structure in the shape of a double diamond on a stand | Possibility of LED lighting<br \/>Size: 72 X 78 in.<\/p>\t\t\t\t\t\t\t\t\n\t\t\t250$\n\t\t\t\t\t\t\t\t\t\tLyon Structure\t\t\t\t\t\t\t\t\t\n\t\t\t265$\n\t\t\t\t\t\t\t\t<p>Duo of golden metal structure in the shape of a rectangle arch door<br \/>Size &#8211; Small: 62 X 65 in. Large : 78 X 84 in.<\/p>\t\t\t\t\t\t\t\t\n\t\t\t265$\n\t\t\t\t\t\t\t\t\t\tBeverly Structure\t\t\t\t\t\t\t\t\t\n\t\t\t360$\n\t\t\t\t\t\t\t\tModern gold metal structure of vertical rectangular shape with diamond and oblique lines inside<br \/>\nSize: 60 X 96 in.\n\t\t\t360$\n\t\t\t\t\t\t\t\t\t\tOsla Walls\t\t\t\t\t\t\t\t\t\n\t\t\t550$\n\t\t\t\t\t\t\t\t<p>Set of six (6) decorative walls<\/p>\t\t\t\t\t\t\t\t\n\t\t\t550$\n\t<p>Tous nos prix affich\u00e9s sont plus taxes et sujet \u00e0 changement sans pr\u00e9avis.<\/p>\n\t\t\t<h2>Glitter Wall<\/h2><h4>Starting at 250$<\/h4>\t\t\t\n\t\t\t\t<p>For a brighter or even slightly retro look, we&#8217;ve got you covered. Go for a glittery background in gold or silver. Our glitter walls will bring a shine to your arrangement that will turn all eyes.<\/p>\n<p>Fill out a quote request now or contact us for more details.<\/p>\n\t\t\t<a href=\"https:\/\/ballonroyal.com\/en\/contact\/#estimate\" target=\"_self\" role=\"button\" aria-label=\"Estimate\" rel=\"noopener\">\n\t\t\t\t\t\t\tEstimate\n\t\t<\/a>\n\t\t\t\t\t\t\t\t\t\tWall 4 X 8 ft.\t\t\t\t\t\t\t\t\t\n\t\t\t250$\n\t\t\t250$\n\t\t\t\t\t\t\t\t\t\tWall 6 X 6 ft.\t\t\t\t\t\t\t\t\t\n\t\t\t300$\n\t\t\t300$\n\t\t\t\t\t\t\t\t\t\tWall 8 X 8 ft.\t\t\t\t\t\t\t\t\t\n\t\t\t380$\n\t\t\t380$\n\t<p>All prices are plus taxes and subject to change without notice.<\/p>\n\t\t\t<h2>Flower Wall<\/h2><h4>Price by wall 175$<\/h4>\t\t\t\n\t\t\t\t<p>Perfect for decorating your event, flower walls are very popular at weddings, gender reveal, baby showers and birthday parties.<\/p>\n<p>Each wall measures 4 ft. X 8 ft.<br \/>Available in pink or blue.<\/p>\n<p>Rent the color duo for 350$.<\/p>\n\t\t\t<a href=\"https:\/\/ballonroyal.com\/en\/contact\/#estimate\" target=\"_self\" role=\"button\" aria-label=\"Estimate\" rel=\"noopener\">\n\t\t\t\t\t\t\tEstimate\n\t\t<\/a>\n\t<p>All prices are plus taxes and subject to change without notice.<\/p>\n\t\t\t<h2>Neon Sign<\/h2><h4>Rentals start at $50<\/h4>\t\t\t\n\t\t\t\t<p>Add a bright and colorful touch to your setting with a custom neon sign. We use LED neon signs that are energy efficient, do not produce excessive heat and are very durable. They come in many colors and can display different shapes, figures, logos and custom messages.<\/p>\n<p>If you don&#8217;t want to buy one, we also offer a nice selection of neon signs for rent starting at only $50.<\/p>\n<ul>\n<li>Happy Birthday<\/li>\n<li>Bonne f\u00eate<\/li>\n<li>Bride to be<\/li>\n<li>Hello gorgeous<\/li>\n<li>Oh baby<\/li>\n<li>Love<\/li>\n<\/ul>\n<p>Fill out a quote request now or contact us for more details.<\/p>\n\t\t\t<a href=\"https:\/\/ballonroyal.com\/en\/contact\/#estimate\" target=\"_self\" role=\"button\" aria-label=\"Estimate\" rel=\"noopener\">\n\t\t\t\t\t\t\tEstimate\n\t\t<\/a>\n\t<p>All prices are plus taxes and subject to change without notice.<\/p>\n\t\t\t<h2>Various decorative accessories<\/h2><h4>Starting at 80$<\/h4>\t\t\t\n\t\t\t\t<p>Our decorative accessories are available for rent only with the purchase of a balloon arrangement. A wide range of choices awaits you !<\/p>\n<p>Tell us more about your project, we can customize it for you. Fill out a quote request now or contact us for more details.<\/p>\n\t\t\t<a href=\"https:\/\/ballonroyal.com\/en\/contact\/#estimate\" target=\"_self\" role=\"button\" aria-label=\"Estimate\" rel=\"noopener\">\n\t\t\t\t\t\t\tEstimate\n\t\t<\/a>\n\t\t\t\t\t\t\t\t\t\tExotic animals Serengeti\t\t\t\t\t\t\t\t\t\n\t\t\t80$\n\t\t\t\t\t\t\t\t<p>Set of stuffed animals including a giraffe and three (3) tigers of various sizes<\/p>\t\t\t\t\t\t\t\t\n\t\t\t80$\n\t\t\t\t\t\t\t\t\t\tJuneau Pedestals\t\t\t\t\t\t\t\t\t\n\t\t\t85$\n\t\t\t\t\t\t\t\t<p>Set of 3 rectangular pedestals in white finish of different heights<\/p>\t\t\t\t\t\t\t\t\n\t\t\t85$\n\t\t\t\t\t\t\t\t\t\tIlluminated number or letter\t\t\t\t\t\t\t\t\t\n\t\t\t110$\n\t\t\t\t\t\t\t\tIlluminated number or letter of marquee type<br \/>\nPrice per unit\n\t\t\t110$\n\t<p>All prices are plus taxes and subject to change without notice.<\/p>\n\n","protected":false},"excerpt":{"rendered":"<p>Accessories For rental Decorative structures Glitter Wall Flower Wall Neon Sign Various decorative accessories Decorative structures Starting at 150$ We have several models of metal structure in white, gold and silver finish as well as decorative walls to help us achieve the desired look and feel. In addition, many customization options are available: LED lights, [&hellip;]<\/p>\n","protected":false},"author":1,"featured_media":0,"parent":0,"menu_order":0,"comment_status":"closed","ping_status":"closed","template":"","meta":{"site-sidebar-layout":"default","site-content-layout":"","ast-site-content-layout":"","site-content-style":"default","site-sidebar-style":"default","ast-global-header-display":"","ast-banner-title-visibility":"","ast-main-header-display":"","ast-hfb-above-header-display":"","ast-hfb-below-header-display":"","ast-hfb-mobile-header-display":"","site-post-title":"disabled","ast-breadcrumbs-content":"","ast-featured-img":"","footer-sml-layout":"","theme-transparent-header-meta":"","adv-header-id-meta":"","stick-header-meta":"","header-above-stick-meta":"","header-main-stick-meta":"","header-below-stick-meta":"","astra-migrate-meta-layouts":"default","ast-page-background-enabled":"default","ast-page-background-meta":{"desktop":{"background-color":"var(--ast-global-color-4)","background-image":"","background-repeat":"repeat","background-position":"center center","background-size":"auto","background-attachment":"scroll","background-type":"","background-media":"","overlay-type":"","overlay-color":"","overlay-opacity":"","overlay-gradient":""},"tablet":{"background-color":"","background-image":"","background-repeat":"repeat","background-position":"center center","background-size":"auto","background-attachment":"scroll","background-type":"","background-media":"","overlay-type":"","overlay-color":"","overlay-opacity":"","overlay-gradient":""},"mobile":{"background-color":"","background-image":"","background-repeat":"repeat","background-position":"center center","background-size":"auto","background-attachment":"scroll","background-type":"","background-media":"","overlay-type":"","overlay-color":"","overlay-opacity":"","overlay-gradient":""}},"ast-content-background-meta":{"desktop":{"background-color":"var(--ast-global-color-5)","background-image":"","background-repeat":"repeat","background-position":"center center","background-size":"auto","background-attachment":"scroll","background-type":"","background-media":"","overlay-type":"","overlay-color":"","overlay-opacity":"","overlay-gradient":""},"tablet":{"background-color":"var(--ast-global-color-5)","background-image":"","background-repeat":"repeat","background-position":"center center","background-size":"auto","background-attachment":"scroll","background-type":"","background-media":"","overlay-type":"","overlay-color":"","overlay-opacity":"","overlay-gradient":""},"mobile":{"background-color":"var(--ast-global-color-5)","background-image":"","background-repeat":"repeat","background-position":"center center","background-size":"auto","background-attachment":"scroll","background-type":"","background-media":"","overlay-type":"","overlay-color":"","overlay-opacity":"","overlay-gradient":""}},"footnotes":""},"class_list":["post-629","page","type-page","status-publish","hentry"],"_links":{"self":[{"href":"https:\/\/ballonroyal.com\/en\/wp-json\/wp\/v2\/pages\/629","targetHints":{"allow":["GET"]}}],"collection":[{"href":"https:\/\/ballonroyal.com\/en\/wp-json\/wp\/v2\/pages"}],"about":[{"href":"https:\/\/ballonroyal.com\/en\/wp-json\/wp\/v2\/types\/page"}],"author":[{"embeddable":true,"href":"https:\/\/ballonroyal.com\/en\/wp-json\/wp\/v2\/users\/1"}],"replies":[{"embeddable":true,"href":"https:\/\/ballonroyal.com\/en\/wp-json\/wp\/v2\/comments?post=629"}],"version-history":[{"count":3,"href":"https:\/\/ballonroyal.com\/en\/wp-json\/wp\/v2\/pages\/629\/revisions"}],"predecessor-version":[{"id":674,"href":"https:\/\/ballonroyal.com\/en\/wp-json\/wp\/v2\/pages\/629\/revisions\/674"}],"wp:attachment":[{"href":"https:\/\/ballonroyal.com\/en\/wp-json\/wp\/v2\/media?parent=629"}],"curies":[{"name":"wp","href":"https:\/\/api.w.org\/{rel}","templated":true}]}}